{"id":47,"date":"2017-12-08T13:00:29","date_gmt":"2017-12-08T13:00:29","guid":{"rendered":"http:\/\/tacotote.dev\/?page_id=47"},"modified":"2020-10-19T22:28:36","modified_gmt":"2020-10-19T22:28:36","slug":"conocenos","status":"publish","type":"page","link":"https:\/\/tacotote.com\/es\/conocenos\/","title":{"rendered":"Con\u00f3cenos"},"content":{"rendered":"<div class=\"gray-ripple\"<\/div>\n<div class=\"container about-us-container\">\n<h2>Nuestra Historia<\/h2>\n<hr class=\"wave pink\" \/>\n<div class=\"row\">\n<div class=\"col-sm-6 image\"><img src=\"\/wp-content\/uploads\/la-abuelita.png\" alt=\"Dona Ana - Tacotote\" \/><\/div>\n<div class=\"col-sm-6 copy\">\n<h3>El Comienzo<\/h3>\n<p>A principios del siglo XX, la se\u00f1ora Dora &#8220;Abuelita&#8221;, cri\u00f3 a una familia de ocho hijos a quienes les encantaba la comida y compartir la mesa con su comunidad. Do\u00f1a Dora, una talentosa cocinera, acostumbraba preparar comidas masivas, no s\u00f3lo para sus hijos, sino para todo el vecindario. Era normal que los obreros llegaran a comer a su mesa, donde ella como una tradici\u00f3n familiar, colocaba una deliciosa variedad de salsas en medio de la mesa para que acompa\u00f1aran sus alimentos.<\/p>\n<p>Fue gracias la apertura del primer negocio familiar fundado por Dora y sus hijos, el restaurante &#8220;Las Nubes&#8221;, que los ni\u00f1os comenzaron a so\u00f1ar en grande. Juntos, desarrollaron una cultura de diligencia y cooperaci\u00f3n que sostiene a la empresa hasta nuestros d\u00edas.\n<\/p><\/div>\n<\/div>\n<\/div>\n<\/div>\n<div class=\"green ripple pacifico\">\n<div class=\"container\">\n<div class=\"row\">\n<div class=\"col-sm-6 copy\">\n<h2 class=\"palm\">El Tacotote<\/h3>\n<p>En 1988, uno de los hijos menores de la se\u00f1ora Dora, abri\u00f3 el primer restaurante \u201dEl Taco Tote\u201d en Ciudad Ju\u00e1rez, M\u00e9xico. Inspirado por recuerdos de su infancia, decidi\u00f3 comenzar un concepto muy aut\u00e9ntico y nuevo de tacos. La popularidad de El Taco Tote creci\u00f3, llev\u00e1ndolo a m\u00faltiples ciudades de M\u00e9xico y Estados Unidos. En 2017, la compa\u00f1\u00eda introdujo un concepto fresco con su \u00faltima ubicaci\u00f3n en El Paso, Texas, donde se proyect\u00f3 un ambiente y decoraci\u00f3n completamente actualizada. Ahora conocido como \u201cTacotote\u201d, donde comenz\u00f3 una nueva era.\n<\/p><\/div>\n<div class=\"col-sm-6 image\">\n<img src=\"\/wp-content\/uploads\/2018\/01\/pacifico.png\" alt=\"Pacifico Tacotote\">\n<\/div>\n<\/div>\n<\/div>\n<\/div>\n<div class=\"gray-ripple history\">\n<div class=\"container\">\n<div class=\"row\">\n<div class=\"col-sm-6 ml-auto mr-auto\">\n<h2>Hoy<\/h2>\n<hr class=\"wave pink\"\/>\n<p>Hasta el d\u00eda de hoy, cuatro generaciones despu\u00e9s. Los hijos de la se\u00f1ora Dora Comparten este ritual de comer con otros a trav\u00e9s de los aut\u00e9nticos tacos y deliciosas salsas que hacen de Tacotote, algo especial en el coraz\u00f3n de nuestras comunidades.<\/p>\n<\/div>\n<div class=\"clearfix\"><\/div>\n<div class=\"col-sm-12\"><img src=\"\/wp-content\/uploads\/family-tree.png\" alt=\"Family Tree\" \/><\/div>\n<\/div>\n<div class=\"row\">\n<\/div>\n<\/div>\n","protected":false},"excerpt":{"rendered":"<p> [&#8230;]<\/p>\n<p><a class=\"btn btn-secondary understrap-read-more-link\" href=\"https:\/\/tacotote.com\/es\/conocenos\/\">Read More&#8230;<\/a><\/p>\n","protected":false},"author":5,"featured_media":189,"parent":0,"menu_order":0,"comment_status":"closed","ping_status":"closed","template":"","meta":[],"_links":{"self":[{"href":"https:\/\/tacotote.com\/es\/wp-json\/wp\/v2\/pages\/47"}],"collection":[{"href":"https:\/\/tacotote.com\/es\/wp-json\/wp\/v2\/pages"}],"about":[{"href":"https:\/\/tacotote.com\/es\/wp-json\/wp\/v2\/types\/page"}],"author":[{"embeddable":true,"href":"https:\/\/tacotote.com\/es\/wp-json\/wp\/v2\/users\/5"}],"replies":[{"embeddable":true,"href":"https:\/\/tacotote.com\/es\/wp-json\/wp\/v2\/comments?post=47"}],"version-history":[{"count":39,"href":"https:\/\/tacotote.com\/es\/wp-json\/wp\/v2\/pages\/47\/revisions"}],"predecessor-version":[{"id":839,"href":"https:\/\/tacotote.com\/es\/wp-json\/wp\/v2\/pages\/47\/revisions\/839"}],"wp:featuredmedia":[{"embeddable":true,"href":"https:\/\/tacotote.com\/es\/wp-json\/wp\/v2\/media\/189"}],"wp:attachment":[{"href":"https:\/\/tacotote.com\/es\/wp-json\/wp\/v2\/media?parent=47"}],"curies":[{"name":"wp","href":"https:\/\/api.w.org\/{rel}","templated":true}]}}