{"id":1768,"date":"2023-02-16T18:32:00","date_gmt":"2023-02-16T18:32:00","guid":{"rendered":"https:\/\/tacotote.com\/es\/?page_id=1768"},"modified":"2025-06-20T17:54:34","modified_gmt":"2025-06-20T17:54:34","slug":"catering-chihuahua-ch","status":"publish","type":"page","link":"https:\/\/tacotote.com\/es\/catering-chihuahua-ch\/","title":{"rendered":"Catering, Chihuahua CH"},"content":{"rendered":"\n<div class=\"ourstory\">\n<div class=\"catering_bg_menu\"><\/div>\n<div class=\"ourstory_overlay\"><\/div>\n<div class=\"ourstory_body\">\n<div class=\"ourstory_title\">\n                Men\u00fa de Catering\n            <\/div>\n<div class=\"catering_events_subtitle\">\n                Cd. Ju\u00e1rez, Chihuahua\n            <\/div>\n<\/p><\/div>\n<\/p><\/div>\n<div class=\"menus\">\n<div class=\"cat_menu_item --yellow\">\n<div class=\"cat_img_wrapper\">\n                <img src=\"https:\/\/tacotote.com\/es\/wp-content\/uploads\/2023\/02\/Taquiza_1.png\" alt=\"Taquiza 1\">\n            <\/div>\n<div class=\"cat_title\">Taquiza #1<\/div>\n<div class=\"cat_menu_body\">\n<div class=\"cat_block\">\n<div class=\"cat_green\">Para 10-15 personas<\/div>\n<\/p><\/div>\n<div class=\"cat_block\">\n<div class=\"cat_green\">$3,548.00 + IVA<\/div>\n<\/p><\/div>\n<div class=\"cat_block\">\n<div class=\"cat_green\">2 tipos de carne (2.5kg)<\/div>\n<div class=\"cat_black\">\n                        Sirloin, Pollo, Pollo Adobado, Cerdo Adobado, Bistek, Barbacoa o Camarones *Arrachera ($4,841.00 + IVA)\n                    <\/div>\n<\/p><\/div>\n<div class=\"cat_block\">\n<div class=\"cat_green\">30 Tortillas hechas a mano<\/div>\n<div class=\"cat_black\">Ma\u00edz o harina<\/div>\n<\/p><\/div>\n<div class=\"cat_block\">\n<div class=\"cat_green\">Elecci\u00f3n de 1 acompa\u00f1amiento:<\/div>\n<div class=\"cat_black\">Arroz o Frijoles Refritos<\/div>\n<div class=\"cat_black\">*Guacamole<\/div>\n<div class=\"cat_black\">*Frijoles Charros<\/div>\n<\/p><\/div>\n<div class=\"cat_block\">\n<div class=\"cat_green\">\n                        *Totopos y todos los productos desechables*\n                    <\/div>\n<\/p><\/div>\n<\/p><\/div>\n<\/p><\/div>\n<div class=\"cat_menu_item\">\n<div class=\"cat_img_wrapper\">\n                <img src=\"https:\/\/tacotote.com\/es\/wp-content\/uploads\/2023\/02\/Taquiza_2.png\" alt=\"Taquiza 1\">\n            <\/div>\n<div class=\"cat_title\">Taquiza #2<\/div>\n<div class=\"cat_menu_body\">\n<div class=\"cat_block\">\n<div class=\"cat_green\">Para 20-25 personas<\/div>\n<\/p><\/div>\n<div class=\"cat_block\">\n<div class=\"cat_green\">$5,445.00 + IVA<\/div>\n<\/p><\/div>\n<div class=\"cat_block\">\n<div class=\"cat_green\">2 tipos de carne (4kg)<\/div>\n<div class=\"cat_black\">\n                        Sirloin, Pollo, Pollo Adobado, Cerdo Adobado, Bistek, Barbacoa o Camarones *Arrachera ($7,385.00 + IVA)\n                    <\/div>\n<\/p><\/div>\n<div class=\"cat_block\">\n<div class=\"cat_green\">50 Tortillas hechas a mano<\/div>\n<div class=\"cat_black\">Ma\u00edz o harina<\/div>\n<\/p><\/div>\n<div class=\"cat_block\">\n<div class=\"cat_green\">Elecci\u00f3n de 1 acompa\u00f1amiento:<\/div>\n<div class=\"cat_black\">Arroz o Frijoles Refritos<\/div>\n<div class=\"cat_black\">*Guacamole<\/div>\n<div class=\"cat_black\">*Frijoles Charros<\/div>\n<\/p><\/div>\n<div class=\"cat_block\">\n<div class=\"cat_green\">\n                        *Totopos y todos los productos desechables*\n                    <\/div>\n<\/p><\/div>\n<\/p><\/div>\n<\/p><\/div>\n<div class=\"cat_menu_item --yellow\">\n<div class=\"cat_img_wrapper\">\n                <img src=\"https:\/\/tacotote.com\/es\/wp-content\/uploads\/2023\/02\/Taquiza_3.png\" alt=\"Taquiza 1\">\n            <\/div>\n<div class=\"cat_title\">Taquiza #3<\/div>\n<div class=\"cat_menu_body\">\n<div class=\"cat_block\">\n<div class=\"cat_green\">Para 30-40 personas<\/div>\n<\/p><\/div>\n<div class=\"cat_block\">\n<div class=\"cat_green\">$8,168.00 + IVA<\/div>\n<\/p><\/div>\n<div class=\"cat_block\">\n<div class=\"cat_green\">4 tipos de carne (6kg)<\/div>\n<div class=\"cat_black\">\n                        Sirloin, Pollo, Pollo Adobado, Cerdo Adobado, Bistek, Barbacoa o Camarones *Arrachera ($11,078.00 +IVA)\n                    <\/div>\n<\/p><\/div>\n<div class=\"cat_block\">\n<div class=\"cat_green\">80 Tortillas hechas a mano<\/div>\n<div class=\"cat_black\">Ma\u00edz o harina<\/div>\n<\/p><\/div>\n<div class=\"cat_block\">\n<div class=\"cat_green\">Elecci\u00f3n de 1 acompa\u00f1amiento:<\/div>\n<div class=\"cat_black\">Arroz o Frijoles Refritos<\/div>\n<div class=\"cat_black\">*Guacamole<\/div>\n<div class=\"cat_black\">*Frijoles Charros<\/div>\n<\/p><\/div>\n<div class=\"cat_block\">\n<div class=\"cat_green\">\n                        *Totopos y todos los productos desechables*\n                    <\/div>\n<\/p><\/div>\n<\/p><\/div>\n<\/p><\/div>\n<\/p><\/div>\n<div class=\"barra_salsas\">\n<div class=\"salsas_list_box\">\n<div class=\"salsas_list_title\">Arma tu barra de salsas<\/div>\n<div class=\"salsas_list_subtitle\">Barra de salsa con una selecci\u00f3n de 8 art\u00edculos para elegir<\/div>\n<div class=\"salsas_list_wrapper\">\n<ul class=\"salsas_list\">\n<li class=\"salsas_list_item\">\n                        Salsa Roja\n                    <\/li>\n<li class=\"salsas_list_item\">\n                        Salsa Verde\n                    <\/li>\n<li class=\"salsas_list_item\">\n                        Salsa Cambray\n                    <\/li>\n<li class=\"salsas_list_item\">\n                        Chiles Toreados\n                    <\/li>\n<li class=\"salsas_list_item\">\n                        Salsa Chipotle\n                    <\/li>\n<li class=\"salsas_list_item\">\n                        Lechuga\n                    <\/li>\n<li class=\"salsas_list_item\">\n                        Limones\n                    <\/li>\n<\/ul>\n<ul class=\"salsas_list\">\n<li class=\"salsas_list_item\">\n                        Salsa Tatemada\n                    <\/li>\n<li class=\"salsas_list_item\">\n                        Salsa Guacamole\n                    <\/li>\n<li class=\"salsas_list_item\">\n                        Pico de Gallo\n                    <\/li>\n<li class=\"salsas_list_item\">\n                        Pepinos\n                    <\/li>\n<li class=\"salsas_list_item\">\n                        Cebollas rojas en escabeche\n                    <\/li>\n<li class=\"salsas_list_item\">\n                        R\u00e1banos\n                    <\/li>\n<\/ul><\/div>\n<\/p><\/div>\n<div class=\"salsas_list_box_centered\">\n<div class=\"barra_salsas_img_wrapper\">\n                <img src=\"https:\/\/tacotote.com\/es\/wp-content\/uploads\/2023\/02\/Salsas_Barra.png\" alt=\"Barra de Salsas\">\n            <\/div>\n<\/p><\/div>\n<\/p><\/div>\n<div class=\"carnes\">\n<div class=\"carnes_title\">Conoce nuestras carnes<\/div>\n<div class=\"carnes_img\">\n            <img src=\"https:\/\/tacotote.com\/es\/wp-content\/uploads\/2023\/02\/Carnes_Lista.png\" alt=\"\">\n        <\/div>\n<\/p><\/div>\n\t\t<div class=\"wpsisac-slick-carousal-wrp wpsisac-clearfix \" data-conf=\"{&quot;slidestoshow&quot;:3,&quot;slidestoscroll&quot;:1,&quot;dots&quot;:&quot;false&quot;,&quot;arrows&quot;:&quot;true&quot;,&quot;autoplay&quot;:&quot;true&quot;,&quot;autoplay_interval&quot;:3000,&quot;speed&quot;:300,&quot;rtl&quot;:&quot;false&quot;,&quot;centermode&quot;:&quot;false&quot;,&quot;lazyload&quot;:&quot;&quot;,&quot;variablewidth&quot;:&quot;false&quot;,&quot;loop&quot;:&quot;true&quot;,&quot;hover_pause&quot;:&quot;true&quot;}\">\r\t\t\t<div id=\"wpsisac-slick-carousal-1\" class=\"wpsisac-slick-init wpsisac-slick-carousal design-1  simplecarousal\">\r\r\t\t\t\t<div class=\"wpsisac-image-slide\">\r\t\t\t<div class=\"wpsisac-image-slide-wrap\" style=\"\">\r\t\t\t<img  src=\"https:\/\/tacotote.com\/es\/wp-content\/uploads\/2023\/02\/Catering_1.jpg\" alt=\"Slide 1\" \/>\r\t\t<\/div>\r\t<\/div><div class=\"wpsisac-image-slide\">\r\t\t\t<div class=\"wpsisac-image-slide-wrap\" style=\"\">\r\t\t\t<img  src=\"https:\/\/tacotote.com\/es\/wp-content\/uploads\/2023\/02\/Catering_2.jpg\" alt=\"Slide 2\" \/>\r\t\t<\/div>\r\t<\/div><div class=\"wpsisac-image-slide\">\r\t\t\t<div class=\"wpsisac-image-slide-wrap\" style=\"\">\r\t\t\t<img  src=\"https:\/\/tacotote.com\/es\/wp-content\/uploads\/2023\/02\/Catering_3.jpg\" alt=\"Slide 3\" \/>\r\t\t<\/div>\r\t<\/div><div class=\"wpsisac-image-slide\">\r\t\t\t<div class=\"wpsisac-image-slide-wrap\" style=\"\">\r\t\t\t<img  src=\"https:\/\/tacotote.com\/es\/wp-content\/uploads\/2023\/02\/Catering_4.jpg\" alt=\"Slide 4\" \/>\r\t\t<\/div>\r\t<\/div><div class=\"wpsisac-image-slide\">\r\t\t\t<div class=\"wpsisac-image-slide-wrap\" style=\"\">\r\t\t\t<img  src=\"https:\/\/tacotote.com\/es\/wp-content\/uploads\/2023\/02\/Catering_5.jpg\" alt=\"Slide 5\" \/>\r\t\t<\/div>\r\t<\/div><div class=\"wpsisac-image-slide\">\r\t\t\t<div class=\"wpsisac-image-slide-wrap\" style=\"\">\r\t\t\t<img  src=\"https:\/\/tacotote.com\/es\/wp-content\/uploads\/2023\/02\/Catering_6.jpg\" alt=\"Slide 6\" \/>\r\t\t<\/div>\r\t<\/div><div class=\"wpsisac-image-slide\">\r\t\t\t<div class=\"wpsisac-image-slide-wrap\" style=\"\">\r\t\t\t<img  src=\"https:\/\/tacotote.com\/es\/wp-content\/uploads\/2023\/02\/Catering_7.jpg\" alt=\"Slide 7\" \/>\r\t\t<\/div>\r\t<\/div><div class=\"wpsisac-image-slide\">\r\t\t\t<div class=\"wpsisac-image-slide-wrap\" style=\"\">\r\t\t\t<img  src=\"https:\/\/tacotote.com\/es\/wp-content\/uploads\/2023\/02\/Catering_8.jpg\" alt=\"Slide 8\" \/>\r\t\t<\/div>\r\t<\/div><div class=\"wpsisac-image-slide\">\r\t\t\t<div class=\"wpsisac-image-slide-wrap\" style=\"\">\r\t\t\t<img  src=\"https:\/\/tacotote.com\/es\/wp-content\/uploads\/2023\/02\/Catering_9.jpg\" alt=\"Slide 9\" \/>\r\t\t<\/div>\r\t<\/div><div class=\"wpsisac-image-slide\">\r\t\t\t<div class=\"wpsisac-image-slide-wrap\" style=\"\">\r\t\t\t<img  src=\"https:\/\/tacotote.com\/es\/wp-content\/uploads\/2023\/02\/Catering_10.jpg\" alt=\"Slide 10\" \/>\r\t\t<\/div>\r\t<\/div>\r\t\t\t<\/div>\r\t\t<\/div>\r\t\n<div class=\"order_online\">\n<div class=\"order_online_overlay\"><\/div>\n<div class=\"order_online_content\">\n<div class=\"order_online_title\">Pedidos por WhatsApp<\/div>\n<div class=\"order_online_subtitle\">\n                Dale clic aqu\u00ed al icono de WhatsApp y un miembro del equipo te responder\u00e1 lo m\u00e1s pronto posible <br \/> Favor de hacer pedido de catering con m\u00ednimo 24 horas de anticipaci\u00f3n.\n            <\/div>\n<p>            <a href=\"https:\/\/wa.me\/526564090885\" target=\"_blank\" rel=\"noopener\"><img src=\"https:\/\/tacotote.com\/es\/wp-content\/uploads\/2022\/09\/whats_icon.png\" alt=\"Whatsapp\" class=\"whats_icon\" \/><\/a>\n        <\/div>\n<\/p><\/div>\n","protected":false},"excerpt":{"rendered":"<p>Men\u00fa de Catering Cd. Ju\u00e1rez, Chihuahua Taquiza #1 Para 10-15 personas $3,548.00 + IVA 2 tipos de carne (2.5kg) Sirloin, Pollo, Pollo Adobado, Cerdo Adobado, Bistek, Barbacoa o Camarones *Arrachera ($4,841.00 + IVA) 30 Tortillas hechas a mano Ma\u00edz o harina Elecci\u00f3n de 1 acompa\u00f1amiento: Arroz o Frijoles Refritos *Guacamole *Frijoles Charros *Totopos y todos [&#8230;]<\/p>\n<p><a class=\"btn btn-secondary understrap-read-more-link\" href=\"https:\/\/tacotote.com\/es\/?post_type=slick_slider&#038;p=1823\">Read More&#8230;<\/a><\/p>\n","protected":false},"author":5,"featured_media":0,"parent":0,"menu_order":0,"comment_status":"closed","ping_status":"closed","template":"page-templates\/fullwidthpage.php","meta":[],"_links":{"self":[{"href":"https:\/\/tacotote.com\/es\/wp-json\/wp\/v2\/pages\/1768"}],"collection":[{"href":"https:\/\/tacotote.com\/es\/wp-json\/wp\/v2\/pages"}],"about":[{"href":"https:\/\/tacotote.com\/es\/wp-json\/wp\/v2\/types\/page"}],"author":[{"embeddable":true,"href":"https:\/\/tacotote.com\/es\/wp-json\/wp\/v2\/users\/5"}],"replies":[{"embeddable":true,"href":"https:\/\/tacotote.com\/es\/wp-json\/wp\/v2\/comments?post=1768"}],"version-history":[{"count":14,"href":"https:\/\/tacotote.com\/es\/wp-json\/wp\/v2\/pages\/1768\/revisions"}],"predecessor-version":[{"id":2978,"href":"https:\/\/tacotote.com\/es\/wp-json\/wp\/v2\/pages\/1768\/revisions\/2978"}],"wp:attachment":[{"href":"https:\/\/tacotote.com\/es\/wp-json\/wp\/v2\/media?parent=1768"}],"curies":[{"name":"wp","href":"https:\/\/api.w.org\/{rel}","templated":true}]}}