{"id":1715,"date":"2023-02-16T00:56:16","date_gmt":"2023-02-16T00:56:16","guid":{"rendered":"https:\/\/tacotote.com\/es\/?page_id=1715"},"modified":"2023-12-05T23:30:47","modified_gmt":"2023-12-05T23:30:47","slug":"catering","status":"publish","type":"page","link":"https:\/\/tacotote.com\/es\/catering\/","title":{"rendered":"Catering"},"content":{"rendered":"\n<div class=\"ourstory\">\n<div class=\"catering_bg_events\"><\/div>\n<div class=\"ourstory_overlay\"><\/div>\n<div class=\"ourstory_body\">\n<div class=\"ourstory_title taquizas\">\n                Taquizas para eventos\n            <\/div>\n<div class=\"catering_events_subtitle\">\n                Lleva la fiesta a otro nivel con nuestras taquizas <br \/> para eventos que sirven de 10 hasta 40<br \/>\n                personas.\n            <\/div>\n<\/p><\/div>\n<\/p><\/div>\n<div class=\"today\">\n<div class=\"catering_events_title\">\n            Catering por Ciudad\n        <\/div>\n<div class=\"catering_events_cities\">\n<div class=\"catering_events_city\">\n<div class=\"catering_events_city_name\">Cd. Juar\u00e9z<\/div>\n<div class=\"catering_events_city_buttons_wrapper\">\n                    <a href=\"https:\/\/tacotote.com\/es\/catering-chihuahua-ch\/\" class=\"catering_events_city_button_primary\">Ver men\u00fa<\/a><\/p>\n<div style=\"width: 30px;\"><\/div>\n<p>                    <a href=\"https:\/\/wa.me\/526564090885\" target=\"_blank\" class=\"catering_events_city_button_secondary\" rel=\"noopener\">Pide por <img src=\"https:\/\/tacotote.com\/es\/wp-content\/uploads\/2022\/09\/whats_icon.png\" alt=\"Whatsapp\" class=\"whats_icon\" \/><\/a>\n                <\/div>\n<\/p><\/div>\n<div class=\"catering_events_city\">\n<div class=\"catering_events_city_name\">Monterrey<\/div>\n<div class=\"catering_events_city_buttons_wrapper\">\n                    <a href=\"https:\/\/tacotote.com\/es\/catering-monterrey-nl\/\" class=\"catering_events_city_button_primary\">Ver men\u00fa<\/a><\/p>\n<div style=\"width: 30px;\"><\/div>\n<p>                    <a href=\"https:\/\/wa.me\/528110985362\" target=\"_blank\" rel=\"noopener\" class=\"catering_events_city_button_secondary\">Pide por <img src=\"https:\/\/tacotote.com\/es\/wp-content\/uploads\/2022\/09\/whats_icon.png\" alt=\"Whatsapp\" class=\"whats_icon\" \/><\/a>\n                <\/div>\n<\/p><\/div>\n<\/p><\/div>\n<div class=\"today_text\">\n<p>\n                No importa la ocasi\u00f3n, cada fiesta se merece un poco de salsa.\n            <\/p>\n<\/p><\/div>\n<\/p><\/div>\n<div class=\"ourstory\">\n<div class=\"catering_bg_2\"><\/div>\n<div class=\"ourstory_overlay\"><\/div>\n<div class=\"ourstory_body\">\n<div class=\"ourstory_title\" style=\"font-size: 57px; width: auto; text-align: center;\">\n                Proximamente\n            <\/div>\n<div class=\"catering_events_subtitle\">\n                Chihuahua, CH\n            <\/div>\n<div class=\"catering_events_subtitle\">\n                Torre\u00f3n, CL\n            <\/div>\n<div class=\"catering_events_subtitle\">\n                Nuevo Laredo, TS\n            <\/div>\n<\/p><\/div>\n<\/p><\/div>\n","protected":false},"excerpt":{"rendered":"<p>Taquizas para eventos Lleva la fiesta a otro nivel con nuestras taquizas para eventos que sirven de 10 hasta 40 personas. Catering por Ciudad Cd. Juar\u00e9z Ver men\u00fa Pide por Monterrey Ver men\u00fa Pide por No importa la ocasi\u00f3n, cada fiesta se merece un poco de salsa. Proximamente Chihuahua, CH Torre\u00f3n, CL Nuevo Laredo, TS [&#8230;]<\/p>\n<p><a class=\"btn btn-secondary understrap-read-more-link\" href=\"https:\/\/tacotote.com\/es\/catering\/\">Read More&#8230;<\/a><\/p>\n","protected":false},"author":5,"featured_media":0,"parent":0,"menu_order":0,"comment_status":"closed","ping_status":"closed","template":"page-templates\/fullwidthpage.php","meta":[],"_links":{"self":[{"href":"https:\/\/tacotote.com\/es\/wp-json\/wp\/v2\/pages\/1715"}],"collection":[{"href":"https:\/\/tacotote.com\/es\/wp-json\/wp\/v2\/pages"}],"about":[{"href":"https:\/\/tacotote.com\/es\/wp-json\/wp\/v2\/types\/page"}],"author":[{"embeddable":true,"href":"https:\/\/tacotote.com\/es\/wp-json\/wp\/v2\/users\/5"}],"replies":[{"embeddable":true,"href":"https:\/\/tacotote.com\/es\/wp-json\/wp\/v2\/comments?post=1715"}],"version-history":[{"count":20,"href":"https:\/\/tacotote.com\/es\/wp-json\/wp\/v2\/pages\/1715\/revisions"}],"predecessor-version":[{"id":2371,"href":"https:\/\/tacotote.com\/es\/wp-json\/wp\/v2\/pages\/1715\/revisions\/2371"}],"wp:attachment":[{"href":"https:\/\/tacotote.com\/es\/wp-json\/wp\/v2\/media?parent=1715"}],"curies":[{"name":"wp","href":"https:\/\/api.w.org\/{rel}","templated":true}]}}