{"id":1417,"date":"2022-05-03T08:32:31","date_gmt":"2022-05-03T08:32:31","guid":{"rendered":"https:\/\/tacotote.com\/es\/?page_id=1417"},"modified":"2023-12-05T23:24:11","modified_gmt":"2023-12-05T23:24:11","slug":"domicilio","status":"publish","type":"page","link":"https:\/\/tacotote.com\/es\/domicilio\/","title":{"rendered":"Servicio a Domicilio"},"content":{"rendered":"\n<div class=\"domi\">\n<div class=\"domi_bg\"><\/div>\n<div class=\"domi_overlay\"><\/div>\n<div class=\"domi_body\">\n<div class=\"domi_title\">\n                Servicio a domicilio\n            <\/div>\n<\/p><\/div>\n<\/p><\/div>\n<div class=\"domi_sub\">Servicio a domicilio<\/div>\n<div class=\"domi_list\">\n<div class=\"domi_item\">\n<div class=\"domi_item_title\">Chihuahua<\/div>\n<p>            <a href=\"https:\/\/www.ubereats.com\/mx\/store\/tacotote-ortiz-mena\/9fg1XDBERXONOeW8cecJww?diningMode=DELIVERY\" class=\"domi_item_uber\" target=\"_blank\" rel=\"noopener\"><br \/>\n                <img src=\"https:\/\/tacotote.com\/es\/wp-content\/uploads\/2022\/05\/ubereats.png\" alt=\"\"><br \/>\n            <\/a>\n        <\/div>\n<div class=\"domi_item\">\n<div class=\"domi_item_title\">Torre\u00f3n<\/div>\n<p>            <a href=\"https:\/\/www.ubereats.com\/mx-en\/store\/tacotote-triana\/n5GVkQxeR_ODZgKldBPLSg?diningMode=DELIVERY&#038;pl=JTdCJTIyYWRkcmVzcyUyMiUzQSUyMkNoaWh1YWh1YSUyMiUyQyUyMnJlZmVyZW5jZSUyMiUzQSUyMkNoSUpNMEJJWFoxRTZvWVJleDNkQnFlbjhiYyUyMiUyQyUyMnJlZmVyZW5jZVR5cGUlMjIlM0ElMjJnb29nbGVfcGxhY2VzJTIyJTJDJTIybGF0aXR1ZGUlMjIlM0EyOC42MzI5OTU3JTJDJTIybG9uZ2l0dWRlJTIyJTNBLTEwNi4wNjkxMDA0JTdE\" class=\"domi_item_uber\" target=\"_blank\" rel=\"noopener\"><br \/>\n                <img src=\"https:\/\/tacotote.com\/es\/wp-content\/uploads\/2023\/02\/entaxi.png\" alt=\"\"><br \/>\n            <\/a><br \/>\n            <a href=\"https:\/\/www.ubereats.com\/mx-en\/store\/tacotote-triana\/n5GVkQxeR_ODZgKldBPLSg?diningMode=DELIVERY&#038;pl=JTdCJTIyYWRkcmVzcyUyMiUzQSUyMkNoaWh1YWh1YSUyMiUyQyUyMnJlZmVyZW5jZSUyMiUzQSUyMkNoSUpNMEJJWFoxRTZvWVJleDNkQnFlbjhiYyUyMiUyQyUyMnJlZmVyZW5jZVR5cGUlMjIlM0ElMjJnb29nbGVfcGxhY2VzJTIyJTJDJTIybGF0aXR1ZGUlMjIlM0EyOC42MzI5OTU3JTJDJTIybG9uZ2l0dWRlJTIyJTNBLTEwNi4wNjkxMDA0JTdE\" class=\"domi_item_uber\" target=\"_blank\" rel=\"noopener\"><br \/>\n                <img src=\"https:\/\/tacotote.com\/es\/wp-content\/uploads\/2022\/05\/ubereats.png\" alt=\"\"><br \/>\n            <\/a><br \/>\n            <a href=\"https:\/\/www.rappi.com.mx\/restaurantes\/1923763844-tacotote-triana\" target=\"_blank\" class=\"domi_item_link\" rel=\"noopener\"><br \/>\n                <img src=\"https:\/\/tacotote.com\/es\/wp-content\/uploads\/2022\/05\/rappi.png\" alt=\"\"><br \/>\n            <\/a>\n        <\/div>\n<div class=\"domi_item\">\n<div class=\"domi_item_title\">Monterrey<\/div>\n<p>            <a href=\"https:\/\/tacotote.pidedirecto.mx\/spgg\" target=\"_blank\" rel=\"noopener\"><br \/>\n                <img src=\"https:\/\/tacotote.com\/es\/wp-content\/uploads\/2023\/02\/pide_directo_logo.png\" alt=\"\"><br \/>\n            <\/a>\n        <\/div>\n<\/p><\/div>\n<div class=\"domi_sub\">Pedidos para Eventos<\/div>\n<div class=\"domi_sub_text\">\n        Para pedidos de 50 ordenes o m\u00e1s favor de llamar al tel\u00e9fono de tu ciudad.\n    <\/div>\n<div class=\"domi_list\">\n<div class=\"domi_item\">\n<div class=\"domi_item_title\">Chihuahua<\/div>\n<div class=\"domi_phone_wrapper\">Sucursal Cantera<\/div>\n<div class=\"domi_phone_wrapper\">\n                <a href=\"tel:6144131882\" class=\"domi_phone\">Tel. (614) 413 1882<\/a>\n            <\/div>\n<div class=\"domi_space_mini\"><\/div>\n<div class=\"domi_phone_wrapper\">Sucursal Leones<\/div>\n<div class=\"domi_phone_wrapper\">\n                <a href=\"tel:6144131882\" class=\"domi_phone\">Tel. (614) 413 1882<\/a>\n            <\/div>\n<\/p><\/div>\n<div class=\"domi_item\">\n<div class=\"domi_item_title\">Torre\u00f3n<\/div>\n<div class=\"domi_phone_wrapper\">Sucursal Estadio<\/div>\n<div class=\"domi_phone_wrapper\">\n                <a href=\"tel:6144131882\" class=\"domi_phone\">Tel. (871) 713 5809<\/a>\n            <\/div>\n<div class=\"domi_phone_wrapper\">\n                <a href=\"https:\/\/wa.me\/528711326785\" target=\"_blank\" rel=\"noopener\"><img src=\"https:\/\/tacotote.com\/es\/wp-content\/uploads\/2022\/09\/whats_icon.png\" alt=\"Whatsapp\" class=\"whats_icon\" \/><\/a><br \/>\n                <a href=\"tel:8711326785\" class=\"domi_phone\">(871) 132 6785<\/a>\n            <\/div>\n<div class=\"domi_space_mini\"><\/div>\n<div class=\"domi_phone_wrapper\">Sucursal Independencia<\/div>\n<div class=\"domi_phone_wrapper\">\n                <a href=\"tel:8717181813\" class=\"domi_phone\">Tel. (871) 718-1813<\/a>\n            <\/div>\n<div class=\"domi_phone_wrapper\">\n                <a href=\"https:\/\/wa.me\/528711724525\" target=\"_blank\" rel=\"noopener\"><img src=\"https:\/\/tacotote.com\/es\/wp-content\/uploads\/2022\/09\/whats_icon.png\" alt=\"Whatsapp\" class=\"whats_icon\" \/><\/a><br \/>\n                <a href=\"tel:8711724525\" class=\"domi_phone\">(871) 172-4525<\/a>\n            <\/div>\n<div class=\"domi_space_mini\"><\/div>\n<div class=\"domi_phone_wrapper\">Sucursal Triana<\/div>\n<div class=\"domi_phone_wrapper\">\n                <a href=\"tel:8717802600\" class=\"domi_phone\">Tel. (871) 780 2600<\/a>\n            <\/div>\n<div class=\"domi_phone_wrapper\">\n                <a href=\"https:\/\/wa.me\/528712332732\" target=\"_blank\" rel=\"noopener\"><img src=\"https:\/\/tacotote.com\/es\/wp-content\/uploads\/2022\/09\/whats_icon.png\" alt=\"Whatsapp\" class=\"whats_icon\" \/><\/a><br \/>\n                <a href=\"tel:8712332732\" class=\"domi_phone\">(871) 233-2732<\/a>\n            <\/div>\n<\/p><\/div>\n<div class=\"domi_item\">\n<div class=\"domi_item_title\">Monterrey<\/div>\n<div class=\"domi_phone_wrapper\">\n                <a href=\"https:\/\/wa.me\/528110985362\" target=\"_blank\" rel=\"noopener\"><img src=\"https:\/\/tacotote.com\/es\/wp-content\/uploads\/2022\/09\/whats_icon.png\" alt=\"Whatsapp\" class=\"whats_icon\" \/><\/a><br \/>\n                <a href=\"tel:8110985362\" class=\"domi_phone\">(81) 1098 5362<\/a>\n            <\/div>\n<\/p><\/div>\n<\/p><\/div>\n<div class=\"domi_space\"><\/div>\n","protected":false},"excerpt":{"rendered":"<p>Servicio a domicilio Servicio a domicilio Chihuahua Torre\u00f3n Monterrey Pedidos para Eventos Para pedidos de 50 ordenes o m\u00e1s favor de llamar al tel\u00e9fono de tu ciudad. Chihuahua Sucursal Cantera Tel. (614) 413 1882 Sucursal Leones Tel. (614) 413 1882 Torre\u00f3n Sucursal Estadio Tel. (871) 713 5809 (871) 132 6785 Sucursal Independencia Tel. (871) 718-1813 [&#8230;]<\/p>\n<p><a class=\"btn btn-secondary understrap-read-more-link\" href=\"https:\/\/tacotote.com\/es\/domicilio\/\">Read More&#8230;<\/a><\/p>\n","protected":false},"author":5,"featured_media":0,"parent":0,"menu_order":0,"comment_status":"closed","ping_status":"closed","template":"","meta":[],"_links":{"self":[{"href":"https:\/\/tacotote.com\/es\/wp-json\/wp\/v2\/pages\/1417"}],"collection":[{"href":"https:\/\/tacotote.com\/es\/wp-json\/wp\/v2\/pages"}],"about":[{"href":"https:\/\/tacotote.com\/es\/wp-json\/wp\/v2\/types\/page"}],"author":[{"embeddable":true,"href":"https:\/\/tacotote.com\/es\/wp-json\/wp\/v2\/users\/5"}],"replies":[{"embeddable":true,"href":"https:\/\/tacotote.com\/es\/wp-json\/wp\/v2\/comments?post=1417"}],"version-history":[{"count":12,"href":"https:\/\/tacotote.com\/es\/wp-json\/wp\/v2\/pages\/1417\/revisions"}],"predecessor-version":[{"id":2360,"href":"https:\/\/tacotote.com\/es\/wp-json\/wp\/v2\/pages\/1417\/revisions\/2360"}],"wp:attachment":[{"href":"https:\/\/tacotote.com\/es\/wp-json\/wp\/v2\/media?parent=1417"}],"curies":[{"name":"wp","href":"https:\/\/api.w.org\/{rel}","templated":true}]}}