{"id":1310,"date":"2022-04-29T19:27:16","date_gmt":"2022-04-29T19:27:16","guid":{"rendered":"https:\/\/tacotote.com\/es\/?page_id=1310"},"modified":"2023-12-05T23:28:26","modified_gmt":"2023-12-05T23:28:26","slug":"menu","status":"publish","type":"page","link":"https:\/\/tacotote.com\/es\/menu\/","title":{"rendered":"Men\u00fa"},"content":{"rendered":"\n<div class=\"ourstory\">\n<div class=\"menu_bg\"><\/div>\n<div class=\"ourstory_overlay\"><\/div>\n<div class=\"ourstory_body\">\n<div class=\"ourstory_title\">\n                Men\u00fa\n            <\/div>\n<div class=\"ourstory_subtitle\">\n                A nadie se le niega un taco.\n            <\/div>\n<\/p><\/div>\n<\/p><\/div>\n<div class=\"taco_packs\">\n<div class=\"taco_pack\">\n<div class=\"taco_pack_title\">Tacotote Pack<\/div>\n<div class=\"taco_pack_subtitle\">\n                2 tacos + complemento + bebida regular\n            <\/div>\n<ul class=\"taco_pack_list\">\n<li>Carne<\/li>\n<li>Arrachera<\/li>\n<li>Sirloin<\/li>\n<li>Pollo<\/li>\n<li>Pollo adobado<\/li>\n<li>Bistek<\/li>\n<li>Puerco adobado<\/li>\n<li>Camar\u00f3n<\/li>\n<\/ul>\n<p><img src=\"https:\/\/tacotote.com\/es\/wp-content\/uploads\/2022\/05\/menu_1.png\" class=\"taco_pack_img\" \/>\n        <\/div>\n<div class=\"taco_pack\">\n<div class=\"taco_pack_title\">Orden de Tres<\/div>\n<div class=\"taco_pack_subtitle\">\n                3 tacos de tu elecci\u00f3n\n            <\/div>\n<ul class=\"taco_pack_list\">\n<li>Carne<\/li>\n<li>Arrachera<\/li>\n<li>Sirloin<\/li>\n<li>Pollo<\/li>\n<li>Pollo adobado<\/li>\n<li>Bistek<\/li>\n<li>Puerco adobado<\/li>\n<li>Camar\u00f3n<\/li>\n<\/ul>\n<p><img src=\"https:\/\/tacotote.com\/es\/wp-content\/uploads\/2022\/05\/menu_3.png\" class=\"taco_orden_img\" \/>\n        <\/div>\n<\/p><\/div>\n<div class=\"menu_last\">\n<div class=\"parrilladas\">\n<div class=\"parrilladas_title\">Parrilladas<\/div>\n<div class=\"parrilladas_subtitle\">Carne + tortillas<\/div>\n<div class=\"parrilladas_text\">Elige tu Carne<\/div>\n<ul class=\"parrilladas_list\">\n<li>Arrachera<\/li>\n<li>Sirloin<\/li>\n<li>Pollo<\/li>\n<li>Pollo adobado<\/li>\n<li>Bistek<\/li>\n<li>Puerco adobado<\/li>\n<li>camar\u00f3n<\/li>\n<\/ul>\n<div class=\"parrilladas_disclaimer\">Orden de 2 o 4 personas<\/div>\n<p>            <img class=\"last_img\" src=\"https:\/\/tacotote.com\/es\/wp-content\/uploads\/2022\/05\/menu_4_1-1.png\">\n        <\/div>\n<div class=\"extras\">\n<div class=\"parrilladas_title\">Extras<\/div>\n<ul class=\"parrilladas_list\">\n<li>Carne asada<\/li>\n<li>Tacos de pastor<\/li>\n<li>Brocheta<\/li>\n<li>Bistek frito + papa<\/li>\n<li>tripitas<\/li>\n<li>Panchos<\/li>\n<li>Queso fundido<\/li>\n<li>Guacataco<\/li>\n<li>Guacamole para compartir<\/li>\n<\/ul>\n<p>            <img class=\"guaca_img\" src=\"https:\/\/tacotote.com\/es\/wp-content\/uploads\/2022\/05\/menu_4_3-1.png\">\n        <\/div>\n<div class=\"complementos\">\n            <img class=\"comple_img\" src=\"https:\/\/tacotote.com\/es\/wp-content\/uploads\/2022\/05\/menu_4_2-1.png\"><\/p>\n<div class=\"comple_info\">\n<div class=\"parrilladas_title\">Complementos<\/div>\n<ul class=\"parrilladas_list\">\n<li>Papa asada<\/li>\n<li>Frijoles charros<\/li>\n<li>Frijoles refritos<\/li>\n<li>Arroz<\/li>\n<li>Tortillas<\/li>\n<\/ul><\/div>\n<\/p><\/div>\n<\/p><\/div>\n","protected":false},"excerpt":{"rendered":"<p>Men\u00fa A nadie se le niega un taco. Tacotote Pack 2 tacos + complemento + bebida regular Carne Arrachera Sirloin Pollo Pollo adobado Bistek Puerco adobado Camar\u00f3n Orden de Tres 3 tacos de tu elecci\u00f3n Carne Arrachera Sirloin Pollo Pollo adobado Bistek Puerco adobado Camar\u00f3n Parrilladas Carne + tortillas Elige tu Carne Arrachera Sirloin Pollo [&#8230;]<\/p>\n<p><a class=\"btn btn-secondary understrap-read-more-link\" href=\"https:\/\/tacotote.com\/es\/menu\/\">Read More&#8230;<\/a><\/p>\n","protected":false},"author":5,"featured_media":0,"parent":0,"menu_order":0,"comment_status":"closed","ping_status":"closed","template":"","meta":[],"_links":{"self":[{"href":"https:\/\/tacotote.com\/es\/wp-json\/wp\/v2\/pages\/1310"}],"collection":[{"href":"https:\/\/tacotote.com\/es\/wp-json\/wp\/v2\/pages"}],"about":[{"href":"https:\/\/tacotote.com\/es\/wp-json\/wp\/v2\/types\/page"}],"author":[{"embeddable":true,"href":"https:\/\/tacotote.com\/es\/wp-json\/wp\/v2\/users\/5"}],"replies":[{"embeddable":true,"href":"https:\/\/tacotote.com\/es\/wp-json\/wp\/v2\/comments?post=1310"}],"version-history":[{"count":11,"href":"https:\/\/tacotote.com\/es\/wp-json\/wp\/v2\/pages\/1310\/revisions"}],"predecessor-version":[{"id":2369,"href":"https:\/\/tacotote.com\/es\/wp-json\/wp\/v2\/pages\/1310\/revisions\/2369"}],"wp:attachment":[{"href":"https:\/\/tacotote.com\/es\/wp-json\/wp\/v2\/media?parent=1310"}],"curies":[{"name":"wp","href":"https:\/\/api.w.org\/{rel}","templated":true}]}}