{"id":1223,"date":"2022-04-28T18:04:21","date_gmt":"2022-04-28T18:04:21","guid":{"rendered":"https:\/\/tacotote.com\/es\/?page_id=1223"},"modified":"2024-09-04T17:26:31","modified_gmt":"2024-09-04T17:26:31","slug":"tacolture","status":"publish","type":"page","link":"https:\/\/tacotote.com\/es\/tacolture\/","title":{"rendered":"Tacultura"},"content":{"rendered":"<link rel=\"stylesheet\" type=\"text\/css\" href=\"\/\/cdn.jsdelivr.net\/npm\/slick-carousel@1.8.1\/slick\/slick.css\"><script src=\"https:\/\/code.jquery.com\/jquery-3.7.0.min.js\" integrity=\"sha256-2Pmvv0kuTBOenSvLm6bvfBSSHrUJ+3A7x6P5Ebd07\/g=\" crossorigin=\"anonymous\"><\/script><script type=\"text\/javascript\" src=\"\/\/cdn.jsdelivr.net\/npm\/slick-carousel@1.8.1\/slick\/slick.min.js\"><\/script>\n<div class=\"ourstory tacolture_red\"><img class=\"tacolture_right\" src=\"https:\/\/tacotote.com\/wp-content\/uploads\/2023\/07\/Group-138.png\" alt=\"\"> <img class=\"tacolture_logo\" src=\"https:\/\/tacotote.com\/wp-content\/uploads\/2023\/07\/Group-121.png\" alt=\"\"><\/p>\n<div class=\"tacolture_text_logo\">Tacotote ha crecido hasta lo que es ahora gracias a la comunidad en la que se desarroll\u00f3.<br \/>Queremos seguir creciendo juntos contigo al servir m\u00e1s que tacos.<br \/>Tacultura es nuestra iniciativa para trabajar en conjunto apoyando a organizaciones<br \/>que fomenten la educaci\u00f3n, el arte, la cultura y el deporte.<br \/>\u00a1Hagamos a hacer salsa juntos!<\/div>\n<p><img class=\"tacolture_left\" src=\"https:\/\/tacotote.com\/wp-content\/uploads\/2023\/07\/Group-129.png\" alt=\"\"><\/div>\n<div class=\"type_efforts\">\n<div class=\"type_efforts_title\">Tipos de Esfuerzos<\/div>\n<div class=\"type_efforts_body\">\n<div class=\"type_efforts_item\"><img class=\"type_efforts_item_icon\" src=\"https:\/\/tacotote.com\/es\/wp-content\/uploads\/2023\/08\/partnership_icon.png\" alt=\"Partnership\"><\/p>\n<div class=\"type_efforts_item_title\">Colaboraciones<\/div>\n<p><img class=\"type_efforts_item_line\" src=\"https:\/\/tacotote.com\/es\/wp-content\/uploads\/2023\/08\/underline_efforts.png\" alt=\"Underline\"><\/p>\n<div class=\"type_efforts_item_text\">Las alianzas de Tacotote son colaboraciones a largo plazo que impulsan a individuos y\/o equipos en diversos campos a trav\u00e9s de apoyo financiero.<\/div>\n<p><a class=\"apply_sponsor\" href=\"https:\/\/www.surveymonkey.com\/r\/YV5NWZ2\" target=\"_blank\" rel=\"noopener\">SOLICITA AQU\u00cd<\/a><\/div>\n<div class=\"type_efforts_item\"><img class=\"type_efforts_item_icon\" src=\"https:\/\/tacotote.com\/es\/wp-content\/uploads\/2023\/08\/scolarship_icon.png\" alt=\"Partnership\"><\/p>\n<div class=\"type_efforts_item_title\">Patrocinios<\/div>\n<p><img class=\"type_efforts_item_line\" src=\"https:\/\/tacotote.com\/es\/wp-content\/uploads\/2023\/08\/underline_efforts.png\" alt=\"Underline\"><\/p>\n<div class=\"type_efforts_item_text\">Un patrocinio de Tacotote es un apoyo financiero \u00fanico proporcionado por Tacotote para eventos o iniciativas en los \u00e1mbitos de la educaci\u00f3n, el arte, el deporte y la cultura.<\/div>\n<p><a class=\"apply_sponsor\" href=\"https:\/\/www.surveymonkey.com\/r\/YV5NWZ2\" target=\"_blank\" rel=\"noopener\">SOLICITA AQU\u00cd<\/a><\/div>\n<div class=\"type_efforts_item\"><img class=\"type_efforts_item_icon\" src=\"https:\/\/tacotote.com\/es\/wp-content\/uploads\/2023\/08\/donations_icon.png\" alt=\"Partnership\"><\/p>\n<div class=\"type_efforts_item_title\">Donaciones<\/div>\n<p><img class=\"type_efforts_item_line\" src=\"https:\/\/tacotote.com\/es\/wp-content\/uploads\/2023\/08\/underline_efforts.png\" alt=\"Underline\"><\/p>\n<div class=\"type_efforts_item_text\">Tacotote se distingue por su dedicaci\u00f3n para generar un impacto positivo en la comunidad local. Nos encanta apoyar donaciones a todo tipo de donaciones.<\/div>\n<p><a class=\"apply_sponsor\" href=\"https:\/\/www.surveymonkey.com\/r\/YV5NWZ2\" target=\"_blank\" rel=\"noopener\">SOLICITA AQU\u00cd<\/a><\/div>\n<\/div>\n<\/div>\n<div class=\"taco_div\">\n<div class=\"taco_line\"><\/div>\n<div class=\"taco_item\"><\/div>\n<div class=\"taco_line\"><\/div>\n<\/div>\n<div class=\"meets_2\">\n<div class=\"meets_title\">Nuestros esfuerzos<\/div>\n<p><img class=\"scholarships_line\" src=\"https:\/\/tacotote.com\/wp-content\/uploads\/2023\/07\/Group-161.png\" alt=\"\"><\/p>\n<div class=\"mojo\">\n<div>\n<div class=\"mojo_hijo\">\n<div class=\"card\">\n<div class=\"content\">\n<div class=\"front stem\">\n<div class=\"front_child\">\n<div class=\"front_name\">Proyecto<br \/>Stempath<\/div>\n<\/div>\n<\/div>\n<div class=\"back\">Proyecto Stempath<br \/>Tipo: Donaci\u00f3n<br \/>A\u00f1o: 2023 y 2024<\/p>\n<p>Descripci\u00f3n:<br \/><span>El Proyecto STEMpath es un programa sin fines de lucro afiliado a Project Paz, dise\u00f1ado para brindar a estudiantes de preparatoria en Mexico acceso a becas completas para estudios superiores en carreras STEM (ciencia, tecnolog\u00eda, ingenier\u00eda y matematicas). 2023 y 2024<\/span><\/div>\n<\/div>\n<\/div>\n<\/div>\n<\/div>\n<div>\n<div class=\"mojo_hijo\">\n<div class=\"card\">\n<div class=\"content\">\n<div class=\"front opera\">\n<div class=\"front_child\">\n<div class=\"front_name\">\u00d3pera de<br \/>El Paso<\/div>\n<div class=\"front_desc\">El Paso, Texas<\/div>\n<div class=\"front_desc_green\">CULTURA<\/div>\n<\/div>\n<\/div>\n<div class=\"back\">\u00d3pera de El Paso<br \/>Tipo: Patrocinio<br \/>A\u00f1o: 2024<br \/>Lugar: El Paso, Texas<\/p>\n<p>Descripci\u00f3n:<br \/><span>Tacotote fue un orgulloso patrocinador del evento Noche de Casino de la \u00d3pera de El Paso, contribuyendo al apoyo de eventos locales y al enriquecimiento cultural de la comunidad. Desde 1993, la \u00d3pera de El Paso ha entregado consistentemente producciones de \u00f3pera de alta calidad. Su misi\u00f3n es utilizar el potencial transformador del arte para involucrarse activamente tanto con la comunidad local como con la m\u00e1s amplia, proporcionando un servicio cultural duradero y estimado.<\/span><\/div>\n<\/div>\n<\/div>\n<\/div>\n<\/div>\n<div>\n<div class=\"mojo_hijo\">\n<div class=\"card\">\n<div class=\"content\">\n<div class=\"front lafemme\">\n<div class=\"front_child\">\n<div class=\"front_name\">Expo de Belleza<br \/>La Femme<\/div>\n<div class=\"front_desc\">El Paso, Texas<\/div>\n<div class=\"front_desc_green\">CULTURA<\/div>\n<\/div>\n<\/div>\n<div class=\"back\">La Femme BEauty Expo<br \/>Tipo: Patrocinio<br \/>A\u00f1o: 2024<br \/>Lugar: El Paso, Texas<\/p>\n<p>Descripci\u00f3n:<br \/><span>Tacotote particip\u00f3 con orgullo como patrocinador y vendedor de alimentos en la Expo de Belleza La Femme en marzo. Celebrado en el Centro de Convenciones de El Paso, este evento ofreci\u00f3 una agradable combinaci\u00f3n de compras, consejos de belleza y oradores inspiradores. Nuestros sabrosos tacos fueron un \u00e9xito entre los asistentes, a\u00f1adiendo una capa extra de disfrute a la experiencia. Una parte de las ganancias de la expo fueron donadas a Villa Mar\u00eda, apoyando a mujeres en situaci\u00f3n de calle. \u00a1Gracias a todos los que se unieron a nosotros para hacer un impacto positivo!<\/span><\/div>\n<\/div>\n<\/div>\n<\/div>\n<\/div>\n<div>\n<div class=\"mojo_hijo\">\n<div class=\"card\">\n<div class=\"content\">\n<div class=\"front kefi\">\n<div class=\"front_child\">\n<div class=\"front_name\">Carrera<br \/>KEFI<\/div>\n<div class=\"front_desc\">Cd. Juarez, Chih<\/div>\n<div class=\"front_desc_green\">DEPORTE<\/div>\n<\/div>\n<\/div>\n<div class=\"back\">KEFI &#8211; Miguel Escobar<br \/>Tipo: Colaboraci\u00f3n<br \/>A\u00f1o: 2022-2023<br \/>Lugar: El Paso, Texas<\/p>\n<p>Descripci\u00f3n:<br \/><span>Miguel Escobar, ciclista de 25 a\u00f1os de edad de El Paso, Texas. Fundador y director del equipo de ciclismo KEFI Racing, con sede en Texas, con el objetivo final de promover un ambiente de carreras m\u00e1s inclusivo para ciclistas principiantes. Viviendo en el Medio Oeste, ahora compite en el nivel Pro 1-2 con los mejores corredores nacionales del pa\u00eds.<\/span><\/div>\n<\/div>\n<\/div>\n<\/div>\n<\/div>\n<div>\n<div class=\"mojo_hijo\">\n<div class=\"card\">\n<div class=\"content\">\n<div class=\"front rhinos\">\n<div class=\"front_child\">\n<div class=\"front_name\">El Paso<br \/>Rhinos<\/div>\n<div class=\"front_desc\">El Paso, Texas<\/div>\n<div class=\"front_desc_green\">DEPORTE<\/div>\n<\/div>\n<\/div>\n<div class=\"back\">El Paso Rhinos<br \/>Tipo: Colaboraci\u00f3n<br \/>A\u00f1o: 2022-2024<br \/>Lugar: El Paso, Texas<\/p>\n<p>Descripci\u00f3n:<br \/><span>Los Rhinos y Tacotote se unieron para la temporada de hockey 2022-2024. Los El Paso Rhinos son un equipo junior de hockey sobre hielo con sede en El Paso, TX.<\/span><\/div>\n<\/div>\n<\/div>\n<\/div>\n<\/div>\n<div>\n<div class=\"mojo_hijo\">\n<div class=\"card\">\n<div class=\"content\">\n<div class=\"front hans\">\n<div class=\"front_child\">\n<div class=\"front_name\">Hans<br \/>Hach<\/div>\n<div class=\"front_desc\">El Paso, Texas<\/div>\n<div class=\"front_desc_green\">DEPORTE<\/div>\n<\/div>\n<\/div>\n<div class=\"back\">Hans Hach<br \/>Tipo: Colaboraci\u00f3n<br \/>A\u00f1o: 2022<br \/>Lugar: El Paso, Texas<\/p>\n<p>Descripci\u00f3n:<br \/><span>Hans Hach Verdugo es un tenista mexicano con un ranking m\u00e1ximo de #60 en el mundo en el ATP World Tour.<\/span><\/div>\n<\/div>\n<\/div>\n<\/div>\n<\/div>\n<div>\n<div class=\"mojo_hijo\">\n<div class=\"card\">\n<div class=\"content\">\n<div class=\"front aaron\">\n<div class=\"front_child\">\n<div class=\"front_name\">Aaron<br \/>Jones<\/div>\n<div class=\"front_desc\">El Paso, Texas<\/div>\n<div class=\"front_desc_green\">DEPORTE<\/div>\n<\/div>\n<\/div>\n<div class=\"back\">Aaron Jones<br \/>Tipo: Colaboraci\u00f3n<br \/>A\u00f1o: 2021-2022<br \/>Lugar: El Paso, Texas<\/p>\n<p>Descripci\u00f3n:<br \/><span>Conoce a Aaron LaRae Jones, el talentoso corredor de f\u00fatbol americano que representa a los famosos Green Bay Packers en la National Football League. Originario de El Paso, \u00e9l apoya con orgullo a los negocios locales y ha colaborado con Tacotote. Juntos, han lanzado una l\u00ednea de ropa exclusiva, disponible en<a class=\"card_link\" href=\"https:\/\/tacototeshop.com\" target=\"_blank\" rel=\"noopener\">tacototeshop.com<\/a><\/span><\/div>\n<\/div>\n<\/div>\n<\/div>\n<\/div>\n<div>\n<div class=\"mojo_hijo\">\n<div class=\"card\">\n<div class=\"content\">\n<div class=\"front backpack\">\n<div class=\"front_child\">\n<div class=\"front_name\">Donaci\u00f3n<br \/>de Mochilas<\/div>\n<div class=\"front_desc\">Cd. Juarez, Chih<\/div>\n<div class=\"front_desc_green\">EDUCACI\u00d3N<\/div>\n<\/div>\n<\/div>\n<div class=\"back\">Donaci\u00f3n de Mochilas<br \/>Tipo: Donaci\u00f3n<br \/>A\u00f1o: 2022<br \/>Lugar: Ciudad Juarez<\/p>\n<p>Descripci\u00f3n:<br \/><span>En un esfuerzo por ayudar a la educaci\u00f3n de los ni\u00f1os que viven en Casa de Hogar Emmanuel, Tacotote reuni\u00f3 m\u00e1s de 50 mochilas llenas de \u00fatiles escolares.<\/span><\/div>\n<\/div>\n<\/div>\n<\/div>\n<\/div>\n<div>\n<div class=\"mojo_hijo\">\n<div class=\"card\">\n<div class=\"content\">\n<div class=\"front eufrosina\">\n<div class=\"front_child\">\n<div class=\"front_name\">Eufrosina Cruz<\/div>\n<div class=\"front_desc\">El Paso, Texas<\/div>\n<div class=\"front_desc_green\">EDUCACI\u00d3N\/CULTURA<\/div>\n<\/div>\n<\/div>\n<div class=\"back\">Eufrosina Cruz<br \/>Tipo: Patrocinio<br \/>A\u00f1o: 2022<br \/>Lugar: Ciudad Juarez<\/p>\n<p>Descripci\u00f3n:<br \/><span>Eufrosina Cruz Mendoza es una activista zapoteca por la igualdad de g\u00e9nero y los derechos de las mujeres y comunidades ind\u00edgenas. Tacotote particip\u00f3 como patrocinador en 2022 durante su visita a Ciudad Ju\u00e1rez para promover su biograf\u00eda.<\/span><\/div>\n<\/div>\n<\/div>\n<\/div>\n<\/div>\n<\/div>\n<\/div>\n<div class=\"donations\">\n<div class=\"donations_title\">Juntos, podemos<br \/>hacer la diferencia<\/div>\n<div class=\"donations_1\"><\/div>\n<div class=\"donations_2\"><\/div>\n<div class=\"donations_3\"><\/div>\n<\/div>\n<p><script>$(\".mojo\").slick({slidesToShow:3,slidesToScroll:3,autoplay:!1,autoplaySpeed:2e3,adaptiveHeight:!0,arrows:!0,responsive:[{breakpoint:1024,settings:{slidesToShow:3,slidesToScroll:3,infinite:!0,dots:!0}},{breakpoint:700,settings:{slidesToShow:1,slidesToScroll:1}}]})<\/script><\/p>\n","protected":false},"excerpt":{"rendered":"<p>Tacotote ha crecido hasta lo que es ahora gracias a la comunidad en la que se desarroll\u00f3.Queremos seguir creciendo juntos contigo al servir m\u00e1s que tacos.Tacultura es nuestra iniciativa para trabajar en conjunto apoyando a organizacionesque fomenten la educaci\u00f3n, el arte, la cultura y el deporte.\u00a1Hagamos a hacer salsa juntos! Tipos de Esfuerzos Colaboraciones Las [&#8230;]<\/p>\n<p><a class=\"btn btn-secondary understrap-read-more-link\" href=\"https:\/\/tacotote.com\/es\/tacolture\/\">Read More&#8230;<\/a><\/p>\n","protected":false},"author":5,"featured_media":0,"parent":0,"menu_order":0,"comment_status":"closed","ping_status":"closed","template":"page-templates\/fullwidthpage.php","meta":[],"_links":{"self":[{"href":"https:\/\/tacotote.com\/es\/wp-json\/wp\/v2\/pages\/1223"}],"collection":[{"href":"https:\/\/tacotote.com\/es\/wp-json\/wp\/v2\/pages"}],"about":[{"href":"https:\/\/tacotote.com\/es\/wp-json\/wp\/v2\/types\/page"}],"author":[{"embeddable":true,"href":"https:\/\/tacotote.com\/es\/wp-json\/wp\/v2\/users\/5"}],"replies":[{"embeddable":true,"href":"https:\/\/tacotote.com\/es\/wp-json\/wp\/v2\/comments?post=1223"}],"version-history":[{"count":15,"href":"https:\/\/tacotote.com\/es\/wp-json\/wp\/v2\/pages\/1223\/revisions"}],"predecessor-version":[{"id":2781,"href":"https:\/\/tacotote.com\/es\/wp-json\/wp\/v2\/pages\/1223\/revisions\/2781"}],"wp:attachment":[{"href":"https:\/\/tacotote.com\/es\/wp-json\/wp\/v2\/media?parent=1223"}],"curies":[{"name":"wp","href":"https:\/\/api.w.org\/{rel}","templated":true}]}}