{"id":1116,"date":"2022-03-28T13:28:54","date_gmt":"2022-03-28T13:28:54","guid":{"rendered":"https:\/\/tacotote.com\/es\/?page_id=1116"},"modified":"2022-08-23T16:46:12","modified_gmt":"2022-08-23T16:46:12","slug":"our-story","status":"publish","type":"page","link":"https:\/\/tacotote.com\/es\/our-story\/","title":{"rendered":"Nuestra Historia"},"content":{"rendered":"\n<div class=\"ourstory\">\n<div class=\"ourstory_bg\"><\/div>\n<div class=\"ourstory_overlay\"><\/div>\n<div class=\"ourstory_body\">\n<div class=\"ourstory_title\">\n                Nuestra Historia\n            <\/div>\n<div class=\"ourstory_subtitle\">\n                Todo comenzo con una salsa\u2026\n            <\/div>\n<\/p><\/div>\n<\/p><\/div>\n<div class=\"beg_wrapper\">\n<div class=\"beg1\"><\/div>\n<div class=\"beg_info\">\n<div class=\"beg_title\">\n                El comienzo\n            <\/div>\n<div class=\"beg_text\">\n<p>\n                    A principios del siglo veinte, la abuelita Dora cr\u00edo una familia de siete hijos ense\u00f1\u00e1ndoles las recetas de la familia y educ\u00e1ndolos sobre la comida Mexicana en El Fuerte, Sinaloa. Dora, como una cocinera apasionada, cocinaba no solo para su familia pero abr\u00eda las puertas para sus vecinos y trabajadores que pasaban por su casa. All\u00ed preparaba una barra con una variedad de salsas para sus invitados.\n                <\/p>\n<p>\n                    Con la continua popularidad de los platillos de Dora, sus hijos comenzaron a pensar en grande y fue as\u00ed que en 1960 hicieron la apertura de \u201cLas Nubes\u201d, su primer negocio familiar. Fue as\u00ed como desarrollaron la cultura familiar que sostiene a Tacotote hasta el d\u00eda de hoy.\n                <\/p>\n<\/p><\/div>\n<\/p><\/div>\n<\/p><\/div>\n<div class=\"beg_wrapper beg_yellow\">\n<div class=\"beg_info\">\n<div class=\"beg_title\"><\/div>\n<div class=\"beg_text\">\n<p>\n                    En 1988, uno de los hijos de Dora abri\u00f3 e primer Tacotote en Ciudad Juarez, Chihuahua. Fue fuertemente inspirado de los recuerdos que ten\u00eda de los platillos de su mam\u00e1 y con eso cre\u00f3 un concepto nuevo de tacos.<br \/>\n <br \/>La popularidad de Tacotote creci\u00f3, abriendo sus puertas en varias ciudades en Mexico y Estados Unidos. Tacotote hoy en d\u00eda consiste de 20 sucursales en 11 ciudades con muchas m\u00e1s por venir.\n                <\/p>\n<\/p><\/div>\n<\/p><\/div>\n<div class=\"beg2\"><\/div>\n<\/p><\/div>\n<div class=\"today\">\n<div class=\"today_title\">Tacotote Hoy<\/div>\n<div class=\"today_text\">\n<p>Cuatro generaciones despu\u00e9s y la familia de Dora sigue nutriendo el negocio, compartiendo el ritual familiar de compartir todo al centro. La comunidad que ha crecido por el amor de los tacos y salsa es lo que hace Tacotote tan especial a trav\u00e9s de los a\u00f1os.<\/p>\n<\/p><\/div>\n<div class=\"family_tree\"><\/div>\n<\/p><\/div>\n","protected":false},"excerpt":{"rendered":"<p>Nuestra Historia Todo comenzo con una salsa\u2026 El comienzo A principios del siglo veinte, la abuelita Dora cr\u00edo una familia de siete hijos ense\u00f1\u00e1ndoles las recetas de la familia y educ\u00e1ndolos sobre la comida Mexicana en El Fuerte, Sinaloa. Dora, como una cocinera apasionada, cocinaba no solo para su familia pero abr\u00eda las puertas para [&#8230;]<\/p>\n<p><a class=\"btn btn-secondary understrap-read-more-link\" href=\"https:\/\/tacotote.com\/es\/our-story\/\">Read More&#8230;<\/a><\/p>\n","protected":false},"author":5,"featured_media":0,"parent":0,"menu_order":0,"comment_status":"closed","ping_status":"closed","template":"","meta":[],"_links":{"self":[{"href":"https:\/\/tacotote.com\/es\/wp-json\/wp\/v2\/pages\/1116"}],"collection":[{"href":"https:\/\/tacotote.com\/es\/wp-json\/wp\/v2\/pages"}],"about":[{"href":"https:\/\/tacotote.com\/es\/wp-json\/wp\/v2\/types\/page"}],"author":[{"embeddable":true,"href":"https:\/\/tacotote.com\/es\/wp-json\/wp\/v2\/users\/5"}],"replies":[{"embeddable":true,"href":"https:\/\/tacotote.com\/es\/wp-json\/wp\/v2\/comments?post=1116"}],"version-history":[{"count":9,"href":"https:\/\/tacotote.com\/es\/wp-json\/wp\/v2\/pages\/1116\/revisions"}],"predecessor-version":[{"id":1571,"href":"https:\/\/tacotote.com\/es\/wp-json\/wp\/v2\/pages\/1116\/revisions\/1571"}],"wp:attachment":[{"href":"https:\/\/tacotote.com\/es\/wp-json\/wp\/v2\/media?parent=1116"}],"curies":[{"name":"wp","href":"https:\/\/api.w.org\/{rel}","templated":true}]}}